{"id":417,"date":"2025-11-28T21:15:44","date_gmt":"2025-11-28T21:15:44","guid":{"rendered":"https:\/\/biflexmarket.wpenginepowered.com\/?page_id=417"},"modified":"2025-12-04T14:01:28","modified_gmt":"2025-12-04T14:01:28","slug":"privacy-policy","status":"publish","type":"page","link":"https:\/\/biflexmarketing.com\/en\/privacy-policy\/","title":{"rendered":"Privacy Policy"},"content":{"rendered":"<p data-start=\"268\" data-end=\"538\"><span dir=\"auto\">Bi Flex Marketing (\u201cwe,\u201d \u201cour,\u201d or \u201cus\u201d) is committed to protecting your privacy and ensuring a safe online experience. This Privacy Policy explains how we collect, use, disclose, and safeguard your information when you visit our website or use our services.<\/span><\/p>\n<p data-start=\"540\" data-end=\"618\"><span dir=\"auto\">By accessing our website, you agree to the practices described in this Policy.<\/span><\/p>\n<h2 data-start=\"625\" data-end=\"656\"><span dir=\"auto\">1. Information We Collect<\/span><\/h2>\n<p data-start=\"658\" data-end=\"708\"><span dir=\"auto\">We may collect the following types of information:<\/span><\/p>\n<h3 data-start=\"710\" data-end=\"743\"><span dir=\"auto\">1.1. Personal Information<\/span><\/h3>\n<p data-start=\"744\" data-end=\"803\"><span dir=\"auto\">Information you voluntarily provide through forms, such as:<\/span><\/p>\n<ul data-start=\"804\" data-end=\"935\">\n<li data-start=\"804\" data-end=\"812\">\n<p data-start=\"806\" data-end=\"812\"><span dir=\"auto\">Name<\/span><\/p>\n<\/li>\n<li data-start=\"813\" data-end=\"830\">\n<p data-start=\"815\" data-end=\"830\"><span dir=\"auto\">Email address<\/span><\/p>\n<\/li>\n<li data-start=\"831\" data-end=\"847\">\n<p data-start=\"833\" data-end=\"847\"><span dir=\"auto\">Phone Number<\/span><\/p>\n<\/li>\n<li data-start=\"848\" data-end=\"864\">\n<p data-start=\"850\" data-end=\"864\"><span dir=\"auto\">Company name<\/span><\/p>\n<\/li>\n<li data-start=\"865\" data-end=\"878\">\n<p data-start=\"867\" data-end=\"878\"><span dir=\"auto\">Job title<\/span><\/p>\n<\/li>\n<li data-start=\"879\" data-end=\"900\">\n<p data-start=\"881\" data-end=\"900\"><span dir=\"auto\">Service inquiries<\/span><\/p>\n<\/li>\n<li data-start=\"901\" data-end=\"935\">\n<p data-start=\"903\" data-end=\"935\"><span dir=\"auto\">Any other information you submit<\/span><\/p>\n<\/li>\n<\/ul>\n<h3 data-start=\"937\" data-end=\"985\"><span dir=\"auto\">1.2. Automatically Collected Information<\/span><\/h3>\n<p data-start=\"986\" data-end=\"1052\"><span dir=\"auto\">When you visit our website, our systems may automatically collect:<\/span><\/p>\n<ul data-start=\"1053\" data-end=\"1249\">\n<li data-start=\"1053\" data-end=\"1067\">\n<p data-start=\"1055\" data-end=\"1067\"><span dir=\"auto\">IP address<\/span><\/p>\n<\/li>\n<li data-start=\"1068\" data-end=\"1096\">\n<p data-start=\"1070\" data-end=\"1096\"><span dir=\"auto\">Browser type and version<\/span><\/p>\n<\/li>\n<li data-start=\"1097\" data-end=\"1119\">\n<p data-start=\"1099\" data-end=\"1119\"><span dir=\"auto\">Device information<\/span><\/p>\n<\/li>\n<li data-start=\"1120\" data-end=\"1151\">\n<p data-start=\"1122\" data-end=\"1151\"><span dir=\"auto\">Location data (approximate)<\/span><\/p>\n<\/li>\n<li data-start=\"1152\" data-end=\"1168\">\n<p data-start=\"1154\" data-end=\"1168\"><span dir=\"auto\">Pages viewed<\/span><\/p>\n<\/li>\n<li data-start=\"1169\" data-end=\"1191\">\n<p data-start=\"1171\" data-end=\"1191\"><span dir=\"auto\">Time spent on site<\/span><\/p>\n<\/li>\n<li data-start=\"1192\" data-end=\"1213\">\n<p data-start=\"1194\" data-end=\"1213\"><span dir=\"auto\">Referring website<\/span><\/p>\n<\/li>\n<li data-start=\"1214\" data-end=\"1249\">\n<p data-start=\"1216\" data-end=\"1249\"><span dir=\"auto\">Cookies and tracking technologies<\/span><\/p>\n<\/li>\n<\/ul>\n<h3 data-start=\"1251\" data-end=\"1295\"><span dir=\"auto\">1.3. Cookies &amp; Tracking Technologies<\/span><\/h3>\n<p data-start=\"1296\" data-end=\"1384\"><span dir=\"auto\">We use cookies, pixels, and analytics tools (Google Analytics, Facebook Pixel, etc.) to:<\/span><\/p>\n<ul data-start=\"1385\" data-end=\"1477\">\n<li data-start=\"1385\" data-end=\"1416\">\n<p data-start=\"1387\" data-end=\"1416\"><span dir=\"auto\">Improve website performance<\/span><\/p>\n<\/li>\n<li data-start=\"1417\" data-end=\"1445\">\n<p data-start=\"1419\" data-end=\"1445\"><span dir=\"auto\">Analyze visitor behavior<\/span><\/p>\n<\/li>\n<li data-start=\"1446\" data-end=\"1477\">\n<p data-start=\"1448\" data-end=\"1477\"><span dir=\"auto\">Personalize content and ads<\/span><\/p>\n<\/li>\n<\/ul>\n<p data-start=\"1479\" data-end=\"1528\"><span dir=\"auto\">You may disable cookies in your browser settings.<\/span><\/p>\n<h2 data-start=\"1535\" data-end=\"1571\"><span dir=\"auto\">2. How We Use Your Information<\/span><\/h2>\n<p data-start=\"1573\" data-end=\"1600\"><span dir=\"auto\">We use your information to:<\/span><\/p>\n<ul data-start=\"1602\" data-end=\"1944\">\n<li data-start=\"1602\" data-end=\"1637\">\n<p data-start=\"1604\" data-end=\"1637\"><span dir=\"auto\">Provide and manage our services<\/span><\/p>\n<\/li>\n<li data-start=\"1638\" data-end=\"1680\">\n<p data-start=\"1640\" data-end=\"1680\"><span dir=\"auto\">Respond to inquiries and communication<\/span><\/p>\n<\/li>\n<li data-start=\"1681\" data-end=\"1732\">\n<p data-start=\"1683\" data-end=\"1732\"><span dir=\"auto\">Improve website performance and user experience<\/span><\/p>\n<\/li>\n<li data-start=\"1733\" data-end=\"1778\">\n<p data-start=\"1735\" data-end=\"1778\"><span dir=\"auto\">Send marketing emails (with your consent)<\/span><\/p>\n<\/li>\n<li data-start=\"1779\" data-end=\"1820\">\n<p data-start=\"1781\" data-end=\"1820\"><span dir=\"auto\">Deliver targeted ads across platforms<\/span><\/p>\n<\/li>\n<li data-start=\"1821\" data-end=\"1856\">\n<p data-start=\"1823\" data-end=\"1856\"><span dir=\"auto\">Conduct analytics and reporting<\/span><\/p>\n<\/li>\n<li data-start=\"1857\" data-end=\"1912\">\n<p data-start=\"1859\" data-end=\"1912\"><span dir=\"auto\">Maintain security and prevent fraudulent activities<\/span><\/p>\n<\/li>\n<li data-start=\"1913\" data-end=\"1944\">\n<p data-start=\"1915\" data-end=\"1944\"><span dir=\"auto\">Comply with legal obligations<\/span><\/p>\n<\/li>\n<\/ul>\n<h2 data-start=\"1951\" data-end=\"1984\"><span dir=\"auto\">3. Sharing Your Information<\/span><\/h2>\n<p data-start=\"1986\" data-end=\"2044\"><span dir=\"auto\">We may share your information only in the following cases:<\/span><\/p>\n<h3 data-start=\"2046\" data-end=\"2076\"><span dir=\"auto\">3.1. Service Providers<\/span><\/h3>\n<p data-start=\"2077\" data-end=\"2154\"><span dir=\"auto\">With trusted third-party vendors who help us operate our business, including:<\/span><\/p>\n<ul data-start=\"2155\" data-end=\"2289\">\n<li data-start=\"2155\" data-end=\"2176\">\n<p data-start=\"2157\" data-end=\"2176\"><span dir=\"auto\">Hosting providers<\/span><\/p>\n<\/li>\n<li data-start=\"2177\" data-end=\"2225\">\n<p data-start=\"2179\" data-end=\"2225\"><span dir=\"auto\">Marketing platforms (Google, Meta, LinkedIn)<\/span><\/p>\n<\/li>\n<li data-start=\"2226\" data-end=\"2253\">\n<p data-start=\"2228\" data-end=\"2253\"><span dir=\"auto\">Email service providers<\/span><\/p>\n<\/li>\n<li data-start=\"2254\" data-end=\"2269\">\n<p data-start=\"2256\" data-end=\"2269\"><span dir=\"auto\">CRM systems<\/span><\/p>\n<\/li>\n<li data-start=\"2270\" data-end=\"2289\">\n<p data-start=\"2272\" data-end=\"2289\"><span dir=\"auto\">Analytics tools<\/span><\/p>\n<\/li>\n<\/ul>\n<h3 data-start=\"2291\" data-end=\"2320\"><span dir=\"auto\">3.2. Legal Compliance<\/span><\/h3>\n<p data-start=\"2321\" data-end=\"2379\"><span dir=\"auto\">We may disclose information when required by law, such as:<\/span><\/p>\n<ul data-start=\"2380\" data-end=\"2439\">\n<li data-start=\"2380\" data-end=\"2393\">\n<p data-start=\"2382\" data-end=\"2393\"><span dir=\"auto\">Subpoenas<\/span><\/p>\n<\/li>\n<li data-start=\"2394\" data-end=\"2417\">\n<p data-start=\"2396\" data-end=\"2417\"><span dir=\"auto\">Government requests<\/span><\/p>\n<\/li>\n<li data-start=\"2418\" data-end=\"2439\">\n<p data-start=\"2420\" data-end=\"2439\"><span dir=\"auto\">Legal proceedings<\/span><\/p>\n<\/li>\n<\/ul>\n<h3 data-start=\"2441\" data-end=\"2472\"><span dir=\"auto\">3.3. Business Transfers<\/span><\/h3>\n<p data-start=\"2473\" data-end=\"2589\"><span dir=\"auto\"><span class=\"\" dir=\"auto\">If Bi Flex Marketing undergoes a merger, acquisition, or asset sale, your data may be transferred to the new entity.<\/span><\/span><\/p>\n<h2 data-start=\"2596\" data-end=\"2633\"><span dir=\"auto\">4. Security of Your Information<\/span><\/h2>\n<p data-start=\"2635\" data-end=\"2723\"><span dir=\"auto\">We implement industry-standard security measures to protect your information, including:<\/span><\/p>\n<ul data-start=\"2724\" data-end=\"2816\">\n<li data-start=\"2724\" data-end=\"2742\">\n<p data-start=\"2726\" data-end=\"2742\"><span dir=\"auto\">SSL encryption<\/span><\/p>\n<\/li>\n<li data-start=\"2743\" data-end=\"2761\">\n<p data-start=\"2745\" data-end=\"2761\"><span dir=\"auto\">Secure servers<\/span><\/p>\n<\/li>\n<li data-start=\"2762\" data-end=\"2788\">\n<p data-start=\"2764\" data-end=\"2788\"><span dir=\"auto\">Restricted data access<\/span><\/p>\n<\/li>\n<li data-start=\"2789\" data-end=\"2816\">\n<p data-start=\"2791\" data-end=\"2816\"><span dir=\"auto\">Routine security audits<\/span><\/p>\n<\/li>\n<\/ul>\n<p data-start=\"2818\" data-end=\"2886\"><span dir=\"auto\">However, no method of transmission over the internet is 100% secure.<\/span><\/p>\n<h2 data-start=\"2893\" data-end=\"2921\"><span dir=\"auto\">5. Your Privacy Rights<\/span><\/h2>\n<p data-start=\"2923\" data-end=\"2977\"><span dir=\"auto\">Depending on your location, you may have the right to:<\/span><\/p>\n<ul data-start=\"2979\" data-end=\"3206\">\n<li data-start=\"2979\" data-end=\"3032\">\n<p data-start=\"2981\" data-end=\"3032\"><span dir=\"auto\">Access the personal information we hold about you<\/span><\/p>\n<\/li>\n<li data-start=\"3033\" data-end=\"3067\">\n<p data-start=\"3035\" data-end=\"3067\"><span dir=\"auto\">Request corrections or updates<\/span><\/p>\n<\/li>\n<li data-start=\"3068\" data-end=\"3101\">\n<p data-start=\"3070\" data-end=\"3101\"><span dir=\"auto\">Request corrections or updates<\/span><\/p>\n<\/li>\n<li data-start=\"3102\" data-end=\"3141\">\n<p data-start=\"3104\" data-end=\"3141\"><span dir=\"auto\">Opt-out of marketing communications<\/span><\/p>\n<\/li>\n<li data-start=\"3142\" data-end=\"3174\">\n<p data-start=\"3144\" data-end=\"3174\"><span dir=\"auto\">Withdraw consent at any time<\/span><\/p>\n<\/li>\n<li data-start=\"3175\" data-end=\"3206\">\n<p data-start=\"3177\" data-end=\"3206\"><span dir=\"auto\">Request a copy of your data<\/span><\/p>\n<\/li>\n<\/ul>\n<p data-start=\"3208\" data-end=\"3248\"><span dir=\"auto\"><span class=\"\" dir=\"auto\">To exercise these rights, contact us at:<\/span><\/span><\/p>\n<p data-start=\"3250\" data-end=\"3312\"><img decoding=\"async\" class=\"emoji\" role=\"img\" draggable=\"false\" src=\"https:\/\/s.w.org\/images\/core\/emoji\/16.0.1\/svg\/1f4e7.svg\" alt=\"\ud83d\udce7\" \/>\u00a0<a href=\"mailto:info@biflexmarketing.com\" rel=\"noopener\" data-start=\"3255\" data-end=\"3279\"><span dir=\"auto\">info@biflexmarketing.com<\/span><\/a><\/p>\n<p data-start=\"3250\" data-end=\"3312\"><img decoding=\"async\" class=\"emoji\" role=\"img\" draggable=\"false\" src=\"https:\/\/s.w.org\/images\/core\/emoji\/16.0.1\/svg\/1f4cd.svg\" alt=\"\ud83d\udccd\" \/><span dir=\"auto\">1 Rue Stephenson, 78180 Montigny le Bretonneux, France<\/span><\/p>\n<h2 data-start=\"3319\" data-end=\"3360\"><span dir=\"auto\">6. Email Marketing &amp; Communications<\/span><\/h2>\n<p data-start=\"3362\" data-end=\"3404\"><span dir=\"auto\">By submitting your email, you may receive:<\/span><\/p>\n<ul data-start=\"3405\" data-end=\"3484\">\n<li data-start=\"3405\" data-end=\"3427\">\n<p data-start=\"3407\" data-end=\"3427\"><span dir=\"auto\">Newsletter updates<\/span><\/p>\n<\/li>\n<li data-start=\"3428\" data-end=\"3450\">\n<p data-start=\"3430\" data-end=\"3450\"><span dir=\"auto\">Promotional offers<\/span><\/p>\n<\/li>\n<li data-start=\"3451\" data-end=\"3484\">\n<p data-start=\"3453\" data-end=\"3484\"><span dir=\"auto\">Service-related communication<\/span><\/p>\n<\/li>\n<\/ul>\n<p data-start=\"3486\" data-end=\"3555\"><span dir=\"auto\">You can unsubscribe anytime via the link at the bottom of our emails.<\/span><\/p>\n<h2 data-start=\"3562\" data-end=\"3588\"><span dir=\"auto\">7. Third-Party Links<\/span><\/h2>\n<p data-start=\"3590\" data-end=\"3717\" class=\"translation-block\">Our website may contain links to external sites.\nWe are not responsible for the content or practices of third-party websites.<\/p>\n<h2 data-start=\"3724\" data-end=\"3747\"><span dir=\"auto\">8. Data Retention<\/span><\/h2>\n<p data-start=\"3749\" data-end=\"3802\"><span dir=\"auto\">We retain your information only as long as needed to:<\/span><\/p>\n<ul data-start=\"3803\" data-end=\"3902\">\n<li data-start=\"3803\" data-end=\"3823\">\n<p data-start=\"3805\" data-end=\"3823\"><span dir=\"auto\">Provide services<\/span><\/p>\n<\/li>\n<li data-start=\"3824\" data-end=\"3857\">\n<p data-start=\"3826\" data-end=\"3857\"><span dir=\"auto\">Comply with legal obligations<\/span><\/p>\n<\/li>\n<li data-start=\"3858\" data-end=\"3878\">\n<p data-start=\"3860\" data-end=\"3878\"><span dir=\"auto\">Resolve disputes<\/span><\/p>\n<\/li>\n<li data-start=\"3879\" data-end=\"3902\">\n<p data-start=\"3881\" data-end=\"3902\"><span dir=\"auto\">Improve performance<\/span><\/p>\n<\/li>\n<\/ul>\n<h2 data-start=\"3909\" data-end=\"3936\"><span dir=\"auto\">9. Children\u2019s Privacy<\/span><\/h2>\n<p data-start=\"3938\" data-end=\"4059\" class=\"translation-block\">Our website and services are not intended for individuals under 13.\nWe do not knowingly collect data from children.<\/p>\n<h2 data-start=\"4066\" data-end=\"4104\"><span dir=\"auto\">10. International Data Transfers<\/span><\/h2>\n<p data-start=\"4106\" data-end=\"4262\" class=\"translation-block\">If you access our site outside the USA, your data may be processed in jurisdictions with different laws.\nBy using our site, you consent to such transfers.<\/p>\n<h2 data-start=\"4269\" data-end=\"4309\"><span dir=\"auto\">11. Changes to This Privacy Policy<\/span><\/h2>\n<p data-start=\"4311\" data-end=\"4432\" class=\"translation-block\">We may update this Privacy Policy at any time.\nChanges will be posted on this page with an updated \u201cLast Updated\u201d date.<\/p>\n<h2 data-start=\"4439\" data-end=\"4459\"><span dir=\"auto\">12. Contact Us<\/span><\/h2>\n<p data-start=\"4461\" data-end=\"4541\"><span dir=\"auto\">If you have questions about this Privacy Policy or your data, please contact us:<\/span><\/p>\n<p data-start=\"4543\" data-end=\"4607\"><img decoding=\"async\" class=\"emoji\" role=\"img\" draggable=\"false\" src=\"https:\/\/s.w.org\/images\/core\/emoji\/16.0.1\/svg\/1f4e7.svg\" alt=\"\ud83d\udce7\" \/>\u00a0<a title=\"info@biflexmarketing.com\" href=\"mailto:info@biflexmarketing.com\" data-start=\"4548\" data-end=\"4572\"><span dir=\"auto\">info@biflexmarketing.com<\/span><\/a><\/p>\n<p data-start=\"4543\" data-end=\"4607\"><img decoding=\"async\" class=\"emoji\" role=\"img\" draggable=\"false\" src=\"https:\/\/s.w.org\/images\/core\/emoji\/16.0.1\/svg\/1f310.svg\" alt=\"\ud83c\udf10\" \/><a title=\"www.biflexmarket.com\" href=\"https:\/\/biflexmarket.com\" target=\"_blank\" rel=\"noopener\">\u00a0<span dir=\"auto\">www.biflexmarket.com<\/span><\/a><\/p>","protected":false},"excerpt":{"rendered":"<p>Bi Flex Marketing (\u00ab nous \u00bb, \u00ab notre \u00bb ou \u00ab nos \u00bb) s\u2019engage \u00e0 prot\u00e9ger votre vie priv\u00e9e et<\/p>","protected":false},"author":8,"featured_media":0,"parent":0,"menu_order":0,"comment_status":"closed","ping_status":"closed","template":"template\/page-full.php","meta":{"_acf_changed":false,"_joinchat":[],"footnotes":""},"class_list":["post-417","page","type-page","status-publish","hentry"],"acf":[],"_links":{"self":[{"href":"https:\/\/biflexmarketing.com\/en\/wp-json\/wp\/v2\/pages\/417","targetHints":{"allow":["GET"]}}],"collection":[{"href":"https:\/\/biflexmarketing.com\/en\/wp-json\/wp\/v2\/pages"}],"about":[{"href":"https:\/\/biflexmarketing.com\/en\/wp-json\/wp\/v2\/types\/page"}],"author":[{"embeddable":true,"href":"https:\/\/biflexmarketing.com\/en\/wp-json\/wp\/v2\/users\/8"}],"replies":[{"embeddable":true,"href":"https:\/\/biflexmarketing.com\/en\/wp-json\/wp\/v2\/comments?post=417"}],"version-history":[{"count":0,"href":"https:\/\/biflexmarketing.com\/en\/wp-json\/wp\/v2\/pages\/417\/revisions"}],"wp:attachment":[{"href":"https:\/\/biflexmarketing.com\/en\/wp-json\/wp\/v2\/media?parent=417"}],"curies":[{"name":"wp","href":"https:\/\/api.w.org\/{rel}","templated":true}]}}